{"id":2358,"date":"2025-08-06T15:01:42","date_gmt":"2025-08-06T10:01:42","guid":{"rendered":"https:\/\/sist.astanait.edu.kz\/?page_id=2358"},"modified":"2026-02-11T12:23:11","modified_gmt":"2026-02-11T07:23:11","slug":"technical-program-committee","status":"publish","type":"page","link":"https:\/\/sist.astanait.edu.kz\/?page_id=2358","title":{"rendered":"Technical Program\u00a0Committee"},"content":{"rendered":"\n<p class=\"has-text-align-center\"><strong>Members&nbsp;of Technical Program Committee<\/strong><\/p>\n\n\n\n<figure class=\"wp-block-table\"><table class=\"has-fixed-layout\"><tbody><tr><td><strong>Beibit Abdikenov&nbsp;<\/strong><\/td><td>PhD, Astana IT University, Kazakhstan<\/td><\/tr><tr><td><strong>Gulnar Abitova<\/strong><\/td><td>PhD, Astana IT University, Kazakhstan<\/td><\/tr><tr><td><strong>Aigul Adamova<\/strong><\/td><td>PhD, Astana IT University, Kazakhstan<\/td><\/tr><tr><td><strong>Asel Akzhalova&nbsp;<\/strong><\/td><td>Candidate of Physical and Mathematical Sciences, Kazakh-British Technical University, Kazakhstan<\/td><\/tr><tr><td><strong>Laura Aldasheva&nbsp;<\/strong><\/td><td>Candidate of Technical Sciences, Astana IT University, Kazakhstan<\/td><\/tr><tr><td><strong>Beibut Amirgaliyev&nbsp;<\/strong><\/td><td>Candidate of Technical Sciences, Astana IT University, Kazakhstan<\/td><\/tr><tr><td><strong>Yurii Andrashko&nbsp;<\/strong><\/td><td>Cand. of Techn.Sc., Uzhhorod National University, Ukraine<\/td><\/tr><tr><td><strong>Igbal Babayev&nbsp;<\/strong><\/td><td>Baku Polytechnic University, Azerbaijan<\/td><\/tr><tr><td><strong>Didar Batryshev&nbsp;<\/strong><\/td><td>Associate Professor, PhD, Kazakh-British Technical University, Kazakhstan<\/td><\/tr><tr><td><strong>Elhadj Benkhelifa&nbsp;<\/strong><\/td><td>PhD, Staffordshire University, UK<\/td><\/tr><tr><td><strong>Galiya Berdykulova&nbsp;<\/strong><\/td><td>Candidate of Economic Sciences, International Information Technology University, Kazakhstan<\/td><\/tr><tr><td><strong>Sergiy Bronin&nbsp;<\/strong><\/td><td>PhD, Taras Shevchenko National University of Kyiv, Ukraine<\/td><\/tr><tr><td><strong>Sergey Bushuyev&nbsp;<\/strong><\/td><td>Head of Department, Kyiv National University of Construction and Architecture, Ukraine<\/td><\/tr><tr><td><strong>Sadok Ben Yahia&nbsp;<\/strong><\/td><td>PhD, University of Southern Denmark&nbsp;&nbsp;(SDU), Daniya<\/td><\/tr><tr><td><strong>Diana Chigambayeva&nbsp;<\/strong><\/td><td>PhD, Astana IT University, Kazakhstan<\/td><\/tr><tr><td><strong>\u0130lhami \u00c7olak&nbsp;<\/strong><\/td><td>PhD, \u0130stanbul Geli\u015fim \u00dcniversitesi, Turkiye<\/td><\/tr><tr><td><strong>Yevgeniya Daineko&nbsp;<\/strong><\/td><td>International University of Information Technology, Kazakhstan<\/td><\/tr><tr><td><strong>Beimbet Daribayev&nbsp;<\/strong><\/td><td>PhD, Kazakh-British Technical University, Kazakhstan<\/td><\/tr><tr><td><strong>Nurzhan Duzbayev&nbsp;<\/strong><\/td><td>PhD, International Information Technology University, Kazakhstan<\/td><\/tr><tr><td><strong>Gaukhar Eshenkulova&nbsp;<\/strong><\/td><td>PhD, Astana IT University, Kazakhstan<\/td><\/tr><tr><td><strong>Elmira Gerfanova&nbsp;<\/strong><\/td><td>PhD, Astana IT University, Kazakhstan<\/td><\/tr><tr><td><strong>Minsoo Hahn&nbsp;<\/strong><\/td><td>PhD, Astana IT University, Kazakhstan<\/td><\/tr><tr><td><strong>Bohdan Haidabrus&nbsp;<\/strong><\/td><td>IPMA, Riga Technical University, Latvia<\/td><\/tr><tr><td><strong>Ha Jin Hwang<\/strong><\/td><td>PhD, Astana IT University, Kazakhstan<\/td><\/tr><tr><td><strong>Nurkhat Ibadildin&nbsp;<\/strong><\/td><td>PhD, Astana IT University, Kazakhstan<\/td><\/tr><tr><td><strong>Baurzhan Ilyassov&nbsp;<\/strong><\/td><td>PhD, Astana IT University, Kazakhstan<\/td><\/tr><tr><td><strong>Madina Ipalakova&nbsp;<\/strong><\/td><td>PhD, International Information Technology University, Kazakhstan<\/td><\/tr><tr><td><strong>Saniya Kabdrgalinova&nbsp;<\/strong><\/td><td>Candidate of Philological Sciences, International Information Technology University, Kazakhstan<\/td><\/tr><tr><td><strong>Zhanat Karashbayeva&nbsp;<\/strong><\/td><td>PhD, Astana IT University, Kazakhstan<\/td><\/tr><tr><td><strong>Temirlan Karibekov&nbsp;<\/strong><\/td><td>PhD, Astana IT University, Kazakhstan<\/td><\/tr><tr><td><strong>Korhan Kayisli&nbsp;<\/strong><\/td><td>PhD, Gazi University, Turkiye<\/td><\/tr><tr><td><strong>Oleksii Kolesnikov&nbsp;<\/strong><\/td><td>Doctor of Engineering Sciences, Taras Shevchenko National University of Kyiv, Ukraine<\/td><\/tr><tr><td><strong>Praveen Kumar&nbsp;<\/strong><\/td><td>PhD, Astana IT University, Kazakhstan<\/td><\/tr><tr><td><strong>Saule Kumargazhanova&nbsp;<\/strong><\/td><td>East-Kazakhstan Technical University, Kazakhstan<\/td><\/tr><tr><td><strong>Guangxi Lu&nbsp;<\/strong><\/td><td>University of Electronic Science and Technology of China, China<\/td><\/tr><tr><td><strong>Nataliia Lukova-Chuiko&nbsp;<\/strong><\/td><td>Doct. of Techn.Sc., Taras Shevchenko National University of Kyiv, Ukraine<\/td><\/tr><tr><td><strong>Alhuyi-Nazari Mohammad<\/strong><\/td><td>PhD, University of Tehran, Iran<\/td><\/tr><tr><td><strong>Bibinur Meirbekova&nbsp;<\/strong><\/td><td>PhD, Astana IT University, Kazakhstan<\/td><\/tr><tr><td><strong>Oleksandr Mitsa&nbsp;<\/strong><\/td><td>Doctor of Technical Sciences, Uzhhorod National University, Ukraine<\/td><\/tr><tr><td><strong>Ardashir Mohammadzadeh&nbsp;<\/strong><\/td><td>PhD, Shenyang University of Technology, China<\/td><\/tr><tr><td><strong>Balgaisha Mukanova&nbsp;<\/strong><\/td><td>PhD, Astana IT University, Kazakhstan<\/td><\/tr><tr><td><strong>Lyazat Naizabayeva&nbsp;<\/strong><\/td><td>Doctor of Technical Sciences, International Information Technology University,&nbsp;&nbsp;Kazakhstan<\/td><\/tr><tr><td><strong>Samalgul Nassanbekova&nbsp;<\/strong><\/td><td>PhD, Astana IT University, Kazakhstan<\/td><\/tr><tr><td><strong>Alexandr Neftissov&nbsp;<\/strong><\/td><td>PhD, Academy of Physical&nbsp;Education&nbsp;and Mass Sports, Kazakhstan<\/td><\/tr><tr><td><strong>Dinh-Dung Nguyen<\/strong><\/td><td>PhD, Le Quy Don Technical University, Vietnam<\/td><\/tr><tr><td><strong>Aliya Nugumanova&nbsp;<\/strong><\/td><td>PhD, Astana IT University, Kazakhstan<\/td><\/tr><tr><td><strong>Marat Nurtas&nbsp;<\/strong><\/td><td>PhD, International Information Technology University, Kazakhstan<\/td><\/tr><tr><td><strong>Serik Omirbayev&nbsp;<\/strong><\/td><td>Doctor of&nbsp;Economical&nbsp;Sciences, Astana IT University, Kazakhstan<\/td><\/tr><tr><td><strong>Suat \u00d6zdemir&nbsp;<\/strong><\/td><td>PhD, Hacettepe University, Turkiye<\/td><\/tr><tr><td><strong>Murat \u00d6zer&nbsp;<\/strong><\/td><td>University of Cincinnati, USA<\/td><\/tr><tr><td><strong>Khaled Rabiye&nbsp;<\/strong><\/td><td>PhD, Kind Fahd University of Petroleum and Minerals, Saudi Arabia<\/td><\/tr><tr><td><strong>Sabina Rakhmetulayeva&nbsp;<\/strong><\/td><td>PhD, International Information Technology University, Kazakhstan<\/td><\/tr><tr><td><strong>Leila Rzayeva&nbsp;<\/strong><\/td><td>PhD, Astana IT University, Kazakhstan<\/td><\/tr><tr><td><strong>\u015eeref Sa\u011f<\/strong><strong>\u0131<\/strong><strong>ro\u011flu&nbsp;<\/strong><\/td><td>Doctor of Engineering, Gazi University, Turkiye<\/td><\/tr><tr><td><strong>Leila Salykova&nbsp;<\/strong><\/td><td>PhD, Astana IT University, Kazakhstan<\/td><\/tr><tr><td><strong>Saya Sapakova&nbsp;<\/strong><\/td><td>Candidate of Physical and Mathematical Sciences, International Information Technology University, Kazakhstan<\/td><\/tr><tr><td><strong>Bakhytzhan Sariyev&nbsp;<\/strong><\/td><td>PhD, Astana IT University, Kazakhstan<\/td><\/tr><tr><td><strong>Nurgul Seilova&nbsp;<\/strong><\/td><td>Candidate of Technical Sciences, International Information Technology University,&nbsp;&nbsp;Kazakhstan<\/td><\/tr><tr><td><strong>Gulbakyt Sembina&nbsp;<\/strong><\/td><td>Candidate of Technical Sciences, International Information Technology University,&nbsp;&nbsp;Kazakhstan<\/td><\/tr><tr><td><strong>Muslim Sergaziyev&nbsp;<\/strong><\/td><td>PhD, Astana IT University, Kazakhstan<\/td><\/tr><tr><td><strong>Pakizar Shamoi&nbsp;<\/strong><\/td><td>PhD, Kazakh-British Technical University, Kazakhstan<\/td><\/tr><tr><td><strong>Ibraheem Shayea&nbsp;<\/strong><\/td><td>Istanbul Technical University, Turkey<\/td><\/tr><tr><td><strong>Aruzhan Shoman&nbsp;<\/strong><\/td><td>PhD, Astana IT University, Kazakhstan<\/td><\/tr><tr><td><strong>Olga Shvets&nbsp;<\/strong><\/td><td>East-Kazakhstan Technical University, Kazakhstan<\/td><\/tr><tr><td><strong>Ainur Slamgazhy&nbsp;<\/strong><\/td><td>PhD, Astana IT University, Kazakhstan<\/td><\/tr><tr><td><strong>Saltanat Suyeubaeyeva&nbsp;<\/strong><\/td><td>East-Kazakhstan Technical University, Kazakhstan<\/td><\/tr><tr><td><strong>Mourat Tchoshanov&nbsp;<\/strong><\/td><td>PhD, University of Texas at El Paso (UTEP), USA<\/td><\/tr><tr><td><strong>Ling Tian&nbsp;<\/strong><\/td><td>PhD, University of Electronic Science and Technology of China, China<\/td><\/tr><tr><td><strong>Zhibek Tleshova&nbsp;<\/strong><\/td><td>PhD, Astana IT University, Kazakhstan<\/td><\/tr><tr><td><strong>Arailym Tleubayeva&nbsp;<\/strong><\/td><td>Astana IT University, Kazakhstan<\/td><\/tr><tr><td><strong>Sapar Toxsanov&nbsp;<\/strong><\/td><td>PhD, Vice-Rector for Educational Work, Astana IT University, Kazakhstan<\/td><\/tr><tr><td><strong>Carsten Wolff&nbsp;<\/strong><\/td><td>Dortmund University of Applied Sciences and Arts, Germany<\/td><\/tr><tr><td><strong>Didar Yedilkhan&nbsp;<\/strong><\/td><td>PhD, Astana IT University, Kazakhstan<\/td><\/tr><tr><td><strong>Oleksii Yehorchenkov&nbsp;<\/strong><\/td><td>Dr.Sc., Slovak University of Technology in Bratislava, Slovakia<\/td><\/tr><tr><td><strong>Nataliia Yehorchenkova&nbsp;<\/strong><\/td><td>Dr.Sc., Slovak University of Technology in Bratislava, Slovakia<\/td><\/tr><tr><td><strong>Aasso Araz Ziro<\/strong><\/td><td>PhD, Kazakh-British Technical University, Kazakhstan<\/td><\/tr><\/tbody><\/table><\/figure>\n","protected":false},"excerpt":{"rendered":"<p>Members&nbsp;of Technical Program Committee Beibit Abdikenov&nbsp; PhD, Astana IT University, Kazakhstan Gulnar Abitova PhD, Astana IT University, Kazakhstan Aigul Adamova PhD, Astana IT University, Kazakhstan&hellip;<\/p>\n","protected":false},"author":1,"featured_media":0,"parent":0,"menu_order":0,"comment_status":"closed","ping_status":"closed","template":"","meta":{"_monsterinsights_skip_tracking":false,"_monsterinsights_sitenote_active":false,"_monsterinsights_sitenote_note":"","_monsterinsights_sitenote_category":0,"footnotes":""},"class_list":["post-2358","page","type-page","status-publish","hentry"],"_links":{"self":[{"href":"https:\/\/sist.astanait.edu.kz\/index.php?rest_route=\/wp\/v2\/pages\/2358","targetHints":{"allow":["GET"]}}],"collection":[{"href":"https:\/\/sist.astanait.edu.kz\/index.php?rest_route=\/wp\/v2\/pages"}],"about":[{"href":"https:\/\/sist.astanait.edu.kz\/index.php?rest_route=\/wp\/v2\/types\/page"}],"author":[{"embeddable":true,"href":"https:\/\/sist.astanait.edu.kz\/index.php?rest_route=\/wp\/v2\/users\/1"}],"replies":[{"embeddable":true,"href":"https:\/\/sist.astanait.edu.kz\/index.php?rest_route=%2Fwp%2Fv2%2Fcomments&post=2358"}],"version-history":[{"count":5,"href":"https:\/\/sist.astanait.edu.kz\/index.php?rest_route=\/wp\/v2\/pages\/2358\/revisions"}],"predecessor-version":[{"id":2478,"href":"https:\/\/sist.astanait.edu.kz\/index.php?rest_route=\/wp\/v2\/pages\/2358\/revisions\/2478"}],"wp:attachment":[{"href":"https:\/\/sist.astanait.edu.kz\/index.php?rest_route=%2Fwp%2Fv2%2Fmedia&parent=2358"}],"curies":[{"name":"wp","href":"https:\/\/api.w.org\/{rel}","templated":true}]}}